{"id":13,"date":"2019-07-30T11:59:05","date_gmt":"2019-07-30T09:59:05","guid":{"rendered":"http:\/\/flat-coated.com\/?page_id=13"},"modified":"2022-03-25T19:33:52","modified_gmt":"2022-03-25T18:33:52","slug":"elevage-de-flat-coated-retriever-du-roc-de-tougne","status":"publish","type":"page","link":"http:\/\/flat-coated.com\/en\/elevage-de-flat-coated-retriever-du-roc-de-tougne\/","title":{"rendered":"L&rsquo;\u00c9levage du Roc de Tougne"},"content":{"rendered":"<p>Cet \u00e9levage professionnel et familial est situ\u00e9 en plein coeur de la Savoie, \u00e0 Feissons-sur-Salins, \u201cle balcon des 3 Vall\u00e9es\u201d.<\/p>\n\n\n\n<p>Les chiens sont \u00e9lev\u00e9s au grand air, neige en hiver et verts alpages en \u00e9t\u00e9, courses effr\u00e9n\u00e9es en montagne, nage tonique dans les lacs d\u2019altitude, pistage dans les for\u00eats d\u2019Epic\u00e9as.<\/p>\n\n\n\n<p class=\"has-text-align-left\">Amoureux des Flats, passionn\u00e9s de Retriever, si vous souhaitez nous contacter :<\/p>\n\n\n\n<div class=\"wp-block-columns\">\n<div class=\"wp-block-column is-vertically-aligned-center\" style=\"flex-basis:30%\">\n<p>Par t\u00e9l\u00e9phone : <a href=\"tel:+3369871822\">+33.6.98.71.18.22<\/a><\/p>\n\n\n\n<p>Par e-mail : <a href=\"mailto:flat.rocdetougne@free.fr\">flat.rocdetougne@free.fr<\/a><\/p>\n<\/div>\n\n\n\n<div class=\"wp-block-column is-vertically-aligned-center\" style=\"flex-basis:30%\"><\/div>\n\n\n\n<div class=\"wp-block-column\" style=\"flex-basis:34%\">\n<figure class=\"wp-block-image size-full\"><img loading=\"lazy\" width=\"549\" height=\"644\" src=\"http:\/\/flat-coated.com\/wp-content\/uploads\/2022\/03\/01-Carte.jpg\" alt=\"\" class=\"wp-image-306\" srcset=\"http:\/\/flat-coated.com\/wp-content\/uploads\/2022\/03\/01-Carte.jpg 549w, http:\/\/flat-coated.com\/wp-content\/uploads\/2022\/03\/01-Carte-256x300.jpg 256w\" sizes=\"(max-width: 549px) 100vw, 549px\" \/><\/figure>\n<\/div>\n<\/div>\n\n\n\n<p>Bienvenue sur notre site,<\/p>\n\n\n\n<div class=\"wp-block-columns\">\n<div class=\"wp-block-column\" style=\"flex-basis:33.33%\">\n<figure class=\"wp-block-gallery has-nested-images columns-default is-cropped\">\n<figure class=\"wp-block-image size-large\"><img loading=\"lazy\" width=\"612\" height=\"427\" src=\"http:\/\/flat-coated.com\/wp-content\/uploads\/2019\/07\/cropped-01-logochiennes-900-Flat-Coated-Retriever-7.jpg\" alt=\"\" class=\"wp-image-297\" srcset=\"http:\/\/flat-coated.com\/wp-content\/uploads\/2019\/07\/cropped-01-logochiennes-900-Flat-Coated-Retriever-7.jpg 612w, http:\/\/flat-coated.com\/wp-content\/uploads\/2019\/07\/cropped-01-logochiennes-900-Flat-Coated-Retriever-7-300x209.jpg 300w\" sizes=\"(max-width: 612px) 100vw, 612px\" \/><\/figure>\n<\/figure>\n<\/div>\n\n\n\n<div class=\"wp-block-column is-vertically-aligned-center\" style=\"flex-basis:66.66%\">\n<p>B\u00e9atrice,<br>Flat Coated Retriever du Roc de Tougne.<\/p>\n<\/div>\n<\/div>\n\n\n\n<p>mettre ici l&rsquo;\u00e9thique, les cx veto le choix des m\u00e2les, le mode d&rsquo;enduction <\/p>","protected":false},"excerpt":{"rendered":"<p>Cet \u00e9levage professionnel et familial est situ\u00e9 en plein coeur de la Savoie, \u00e0 Feissons-sur-Salins, \u201cle balcon des 3 Vall\u00e9es\u201d. Les chiens sont \u00e9lev\u00e9s au grand air, neige en hiver et verts alpages en \u00e9t\u00e9, courses effr\u00e9n\u00e9es en montagne, nage tonique dans les lacs d\u2019altitude, pistage dans les for\u00eats d\u2019Epic\u00e9as. Amoureux des Flats, passionn\u00e9s de &hellip; <\/p>\n<p class=\"link-more\"><a href=\"http:\/\/flat-coated.com\/en\/elevage-de-flat-coated-retriever-du-roc-de-tougne\/\" class=\"more-link\">Continue reading<span class=\"screen-reader-text\"> \u00ab\u00a0L&rsquo;\u00c9levage du Roc de Tougne\u00a0\u00bb<\/span><\/a><\/p>","protected":false},"author":1,"featured_media":308,"parent":0,"menu_order":0,"comment_status":"closed","ping_status":"closed","template":"","meta":[],"_links":{"self":[{"href":"http:\/\/flat-coated.com\/en\/wp-json\/wp\/v2\/pages\/13"}],"collection":[{"href":"http:\/\/flat-coated.com\/en\/wp-json\/wp\/v2\/pages"}],"about":[{"href":"http:\/\/flat-coated.com\/en\/wp-json\/wp\/v2\/types\/page"}],"author":[{"embeddable":true,"href":"http:\/\/flat-coated.com\/en\/wp-json\/wp\/v2\/users\/1"}],"replies":[{"embeddable":true,"href":"http:\/\/flat-coated.com\/en\/wp-json\/wp\/v2\/comments?post=13"}],"version-history":[{"count":13,"href":"http:\/\/flat-coated.com\/en\/wp-json\/wp\/v2\/pages\/13\/revisions"}],"predecessor-version":[{"id":362,"href":"http:\/\/flat-coated.com\/en\/wp-json\/wp\/v2\/pages\/13\/revisions\/362"}],"wp:featuredmedia":[{"embeddable":true,"href":"http:\/\/flat-coated.com\/en\/wp-json\/wp\/v2\/media\/308"}],"wp:attachment":[{"href":"http:\/\/flat-coated.com\/en\/wp-json\/wp\/v2\/media?parent=13"}],"curies":[{"name":"wp","href":"https:\/\/api.w.org\/{rel}","templated":true}]}}