{"id":344,"date":"2022-03-25T18:58:58","date_gmt":"2022-03-25T17:58:58","guid":{"rendered":"http:\/\/flat-coated.com\/?page_id=344"},"modified":"2022-03-25T19:25:18","modified_gmt":"2022-03-25T18:25:18","slug":"nous-localiser","status":"publish","type":"page","link":"http:\/\/flat-coated.com\/en\/nous-localiser\/","title":{"rendered":"Nous localiser"},"content":{"rendered":"<div class=\"wp-block-columns\">\n<div class=\"wp-block-column\" style=\"flex-basis:66.66%\">\n<figure class=\"wp-block-gallery has-nested-images columns-default is-cropped\">\n<figure class=\"wp-block-image size-large\"><img loading=\"lazy\" width=\"549\" height=\"644\" src=\"http:\/\/flat-coated.com\/wp-content\/uploads\/2022\/03\/01-Carte.jpg\" alt=\"\" class=\"wp-image-306\" srcset=\"http:\/\/flat-coated.com\/wp-content\/uploads\/2022\/03\/01-Carte.jpg 549w, http:\/\/flat-coated.com\/wp-content\/uploads\/2022\/03\/01-Carte-256x300.jpg 256w\" sizes=\"(max-width: 549px) 100vw, 549px\" \/><\/figure>\n<\/figure>\n<\/div>\n\n\n\n<div class=\"wp-block-column is-vertically-aligned-center\" style=\"flex-basis:33.33%\">\n<p class=\"has-text-align-center\">Elevage de Flat Coated Retriever du Roc de Tougne<\/p>\n\n\n\n<p class=\"has-text-align-center\">adresse postale<\/p>\n\n\n\n<p>Le Presbyt\u00e8re<br>73350 Feissons-sur-Salins<\/p>\n\n\n\n<p><em>T\u00e9l\u00e9phone<\/em>&nbsp;:<\/p>\n\n\n\n<p>T\u00e9l\u00e9phone :<br><a href=\"tel:+3369871822\">+33.6.98.71.18.22<\/a><\/p>\n\n\n\n<p>Adresse e-mail&nbsp;:<\/p>\n\n\n\n<p><a href=\"mailto:flat.rocdetougne@free.fr\">flat.rocdetougne@free.fr<\/a><\/p>\n<\/div>\n<\/div>","protected":false},"excerpt":{"rendered":"<p>Elevage de Flat Coated Retriever du Roc de Tougne adresse postale Le Presbyt\u00e8re73350 Feissons-sur-Salins T\u00e9l\u00e9phone&nbsp;: T\u00e9l\u00e9phone :+33.6.98.71.18.22 Adresse e-mail&nbsp;: flat.rocdetougne@free.fr<\/p>","protected":false},"author":1,"featured_media":309,"parent":0,"menu_order":0,"comment_status":"closed","ping_status":"closed","template":"","meta":[],"_links":{"self":[{"href":"http:\/\/flat-coated.com\/en\/wp-json\/wp\/v2\/pages\/344"}],"collection":[{"href":"http:\/\/flat-coated.com\/en\/wp-json\/wp\/v2\/pages"}],"about":[{"href":"http:\/\/flat-coated.com\/en\/wp-json\/wp\/v2\/types\/page"}],"author":[{"embeddable":true,"href":"http:\/\/flat-coated.com\/en\/wp-json\/wp\/v2\/users\/1"}],"replies":[{"embeddable":true,"href":"http:\/\/flat-coated.com\/en\/wp-json\/wp\/v2\/comments?post=344"}],"version-history":[{"count":3,"href":"http:\/\/flat-coated.com\/en\/wp-json\/wp\/v2\/pages\/344\/revisions"}],"predecessor-version":[{"id":361,"href":"http:\/\/flat-coated.com\/en\/wp-json\/wp\/v2\/pages\/344\/revisions\/361"}],"wp:featuredmedia":[{"embeddable":true,"href":"http:\/\/flat-coated.com\/en\/wp-json\/wp\/v2\/media\/309"}],"wp:attachment":[{"href":"http:\/\/flat-coated.com\/en\/wp-json\/wp\/v2\/media?parent=344"}],"curies":[{"name":"wp","href":"https:\/\/api.w.org\/{rel}","templated":true}]}}